{"id":6500,"date":"2020-08-20T03:27:25","date_gmt":"2020-08-20T00:27:25","guid":{"rendered":"https:\/\/gokturkfindik.com\/hakkimda\/"},"modified":"2024-12-09T14:27:44","modified_gmt":"2024-12-09T11:27:44","slug":"about-me","status":"publish","type":"page","link":"https:\/\/gokturkfindik.com\/en\/about-me\/","title":{"rendered":"About Me"},"content":{"rendered":"\t\t<div data-elementor-type=\"wp-page\" data-elementor-id=\"6500\" class=\"elementor elementor-6500\">\n\t\t\t\t\t\t\t\t\t<section class=\"elementor-section elementor-top-section elementor-element elementor-element-e1dd29d elementor-section-boxed elementor-section-height-default elementor-section-height-default wpr-particle-no wpr-jarallax-no wpr-parallax-no wpr-sticky-section-no\" data-id=\"e1dd29d\" data-element_type=\"section\" data-settings=\"{&quot;background_background&quot;:&quot;classic&quot;}\">\n\t\t\t\t\t\t<div class=\"elementor-container elementor-column-gap-default\">\n\t\t\t\t\t<div class=\"elementor-column elementor-col-50 elementor-top-column elementor-element elementor-element-5ad4464\" data-id=\"5ad4464\" data-element_type=\"column\">\n\t\t\t<div class=\"elementor-widget-wrap elementor-element-populated\">\n\t\t\t\t\t\t\t\t<div class=\"elementor-element elementor-element-9b7ac2f elementor-widget-tablet__width-initial elementor-widget-mobile__width-initial elementor-widget elementor-widget-image\" data-id=\"9b7ac2f\" data-element_type=\"widget\" data-widget_type=\"image.default\">\n\t\t\t\t<div class=\"elementor-widget-container\">\n\t\t\t<style>\/*! elementor - v3.17.0 - 01-11-2023 *\/\n.elementor-widget-image{text-align:center}.elementor-widget-image a{display:inline-block}.elementor-widget-image a img[src$=\".svg\"]{width:48px}.elementor-widget-image img{vertical-align:middle;display:inline-block}<\/style>\t\t\t\t\t\t\t\t\t\t\t\t<img loading=\"lazy\" decoding=\"async\" width=\"632\" height=\"919\" src=\"https:\/\/gokturkfindik.com\/wp-content\/uploads\/2023\/09\/gokturkfindik6-1.png\" class=\"attachment-large size-large wp-image-6037\" alt=\"gokturkfindik6 1\" srcset=\"https:\/\/gokturkfindik.com\/wp-content\/uploads\/2023\/09\/gokturkfindik6-1.png 632w, https:\/\/gokturkfindik.com\/wp-content\/uploads\/2023\/09\/gokturkfindik6-1-206x300.png 206w, https:\/\/gokturkfindik.com\/wp-content\/uploads\/2023\/09\/gokturkfindik6-1-413x600.png 413w, https:\/\/gokturkfindik.com\/wp-content\/uploads\/2023\/09\/gokturkfindik6-1-385x560.png 385w\" sizes=\"auto, (max-width: 632px) 100vw, 632px\" \/>\t\t\t\t\t\t\t\t\t\t\t\t\t\t\t<\/div>\n\t\t\t\t<\/div>\n\t\t\t\t\t<\/div>\n\t\t<\/div>\n\t\t\t\t<div class=\"elementor-column elementor-col-50 elementor-top-column elementor-element elementor-element-72ce8f4\" data-id=\"72ce8f4\" data-element_type=\"column\">\n\t\t\t<div class=\"elementor-widget-wrap elementor-element-populated\">\n\t\t\t\t\t\t\t\t<div class=\"elementor-element elementor-element-0e6a467 elementor-widget-tablet__width-initial elementor-widget elementor-widget-text-editor\" data-id=\"0e6a467\" data-element_type=\"widget\" data-widget_type=\"text-editor.default\">\n\t\t\t\t<div class=\"elementor-widget-container\">\n\t\t\t<style>\/*! elementor - v3.17.0 - 01-11-2023 *\/\n.elementor-widget-text-editor.elementor-drop-cap-view-stacked .elementor-drop-cap{background-color:#69727d;color:#fff}.elementor-widget-text-editor.elementor-drop-cap-view-framed .elementor-drop-cap{color:#69727d;border:3px solid;background-color:transparent}.elementor-widget-text-editor:not(.elementor-drop-cap-view-default) .elementor-drop-cap{margin-top:8px}.elementor-widget-text-editor:not(.elementor-drop-cap-view-default) .elementor-drop-cap-letter{width:1em;height:1em}.elementor-widget-text-editor .elementor-drop-cap{float:left;text-align:center;line-height:1;font-size:50px}.elementor-widget-text-editor .elementor-drop-cap-letter{display:inline-block}<\/style>\t\t\t\t<p>In 2012, I participated in the Ankara and Istanbul-based endoscopic lung surgery course (VATS) with my own efforts and initiatives. In the same year, I performed the first thoracoscopic lung lobectomy surgery in Ankara. Then, I performed endoscopic lung cancer surgery for the first time in Ankara. I still successfully perform all kinds of lung resection surgeries including pneumonectomy with endoscopic methods (VATS).<\/p><p>I made various presentations called &#8220;VATS (video-assisted endoscopic surgery) firsts&#8221; in association-organized symposiums held in the hospital. In 2015, I held the first VATS course in our hospital, including surgical practice training on a national platform. I have also been the subject of news in the national media several times. I have been the thesis advisor of approximately 10 assistants until today.<\/p><p>According to Y\u00d6KS\u0130S data, I have contributed to 88 articles and 160 papers in national and international journals. I have also authored book chapters and special issue chapters. I attended the &#8220;robotic surgery&#8221; course in Spain and received a certificate in this field.<\/p><p>I am currently working at the Ankara campus of the Department of Thoracic Surgery, University of Health Sciences.<\/p>\t\t\t\t\t\t<\/div>\n\t\t\t\t<\/div>\n\t\t\t\t\t<\/div>\n\t\t<\/div>\n\t\t\t\t\t\t\t<\/div>\n\t\t<\/section>\n\t\t\t\t<section class=\"elementor-section elementor-top-section elementor-element elementor-element-827faf3 elementor-section-boxed elementor-section-height-default elementor-section-height-default wpr-particle-no wpr-jarallax-no wpr-parallax-no wpr-sticky-section-no\" data-id=\"827faf3\" data-element_type=\"section\" data-settings=\"{&quot;background_background&quot;:&quot;classic&quot;}\">\n\t\t\t\t\t\t<div class=\"elementor-container elementor-column-gap-default\">\n\t\t\t\t\t<div class=\"elementor-column elementor-col-50 elementor-top-column elementor-element elementor-element-4256340\" data-id=\"4256340\" data-element_type=\"column\">\n\t\t\t<div class=\"elementor-widget-wrap elementor-element-populated\">\n\t\t\t\t\t\t\t\t<div class=\"elementor-element elementor-element-5e9da73 elementor-widget elementor-widget-heading\" data-id=\"5e9da73\" data-element_type=\"widget\" data-widget_type=\"heading.default\">\n\t\t\t\t<div class=\"elementor-widget-container\">\n\t\t\t<style>\/*! elementor - v3.17.0 - 01-11-2023 *\/\n.elementor-heading-title{padding:0;margin:0;line-height:1}.elementor-widget-heading .elementor-heading-title[class*=elementor-size-]>a{color:inherit;font-size:inherit;line-height:inherit}.elementor-widget-heading .elementor-heading-title.elementor-size-small{font-size:15px}.elementor-widget-heading .elementor-heading-title.elementor-size-medium{font-size:19px}.elementor-widget-heading .elementor-heading-title.elementor-size-large{font-size:29px}.elementor-widget-heading .elementor-heading-title.elementor-size-xl{font-size:39px}.elementor-widget-heading .elementor-heading-title.elementor-size-xxl{font-size:59px}<\/style><h2 class=\"elementor-heading-title elementor-size-default\">Areas of Specialization<\/h2>\t\t<\/div>\n\t\t\t\t<\/div>\n\t\t\t\t<div class=\"elementor-element elementor-element-718fcad elementor-widget elementor-widget-text-editor\" data-id=\"718fcad\" data-element_type=\"widget\" data-widget_type=\"text-editor.default\">\n\t\t\t\t<div class=\"elementor-widget-container\">\n\t\t\t\t\t\t\t<ul><li><strong>Lung cancer:<\/strong> Endoscopic lung cancer surgery<\/li><li><strong>Lung nodules:<\/strong> Frosted glass nodule surgery<\/li><li><strong>Thymoma:<\/strong> Endoscopic thymus gland surgery<\/li><li><strong>Mediastinal tumors and cysts:<\/strong> Endoscopic mediastinal surgery<\/li><li><strong>Bronchiectasis:<\/strong> Endoscopic surgery<\/li><li><strong>Surgery for metastases to the lung<\/strong><\/li><li><strong>Pectus excavatum (shoemaker&#8217;s chest), pectus carinatum (pigeon chest) surgery: Nuss Surgery<\/strong><\/li><li><strong>Mesothelioma surgery<\/strong><\/li><\/ul>\t\t\t\t\t\t<\/div>\n\t\t\t\t<\/div>\n\t\t\t\t\t<\/div>\n\t\t<\/div>\n\t\t\t\t<div class=\"elementor-column elementor-col-50 elementor-top-column elementor-element elementor-element-2601541\" data-id=\"2601541\" data-element_type=\"column\">\n\t\t\t<div class=\"elementor-widget-wrap elementor-element-populated\">\n\t\t\t\t\t\t\t\t<div class=\"elementor-element elementor-element-a52627e elementor-widget elementor-widget-image\" data-id=\"a52627e\" data-element_type=\"widget\" data-widget_type=\"image.default\">\n\t\t\t\t<div class=\"elementor-widget-container\">\n\t\t\t\t\t\t\t\t\t\t\t\t\t\t\t<img loading=\"lazy\" decoding=\"async\" width=\"640\" height=\"563\" src=\"https:\/\/gokturkfindik.com\/wp-content\/uploads\/2023\/08\/gokturk-findik-6.jpg\" class=\"attachment-large size-large wp-image-5714\" alt=\"gokturk findik 6\" srcset=\"https:\/\/gokturkfindik.com\/wp-content\/uploads\/2023\/08\/gokturk-findik-6.jpg 640w, https:\/\/gokturkfindik.com\/wp-content\/uploads\/2023\/08\/gokturk-findik-6-300x264.jpg 300w, https:\/\/gokturkfindik.com\/wp-content\/uploads\/2023\/08\/gokturk-findik-6-600x528.jpg 600w, https:\/\/gokturkfindik.com\/wp-content\/uploads\/2023\/08\/gokturk-findik-6-560x493.jpg 560w\" sizes=\"auto, (max-width: 640px) 100vw, 640px\" \/>\t\t\t\t\t\t\t\t\t\t\t\t\t\t\t<\/div>\n\t\t\t\t<\/div>\n\t\t\t\t\t<\/div>\n\t\t<\/div>\n\t\t\t\t\t\t\t<\/div>\n\t\t<\/section>\n\t\t\t\t<section class=\"elementor-section elementor-top-section elementor-element elementor-element-d023e91 elementor-section-boxed elementor-section-height-default elementor-section-height-default wpr-particle-no wpr-jarallax-no wpr-parallax-no wpr-sticky-section-no\" data-id=\"d023e91\" data-element_type=\"section\" data-settings=\"{&quot;background_background&quot;:&quot;classic&quot;}\">\n\t\t\t\t\t\t<div class=\"elementor-container elementor-column-gap-default\">\n\t\t\t\t\t<div class=\"elementor-column elementor-col-100 elementor-top-column elementor-element elementor-element-f702eaa\" data-id=\"f702eaa\" data-element_type=\"column\">\n\t\t\t<div class=\"elementor-widget-wrap elementor-element-populated\">\n\t\t\t\t\t\t\t\t<div class=\"elementor-element elementor-element-39975b5 elementor-widget elementor-widget-heading\" data-id=\"39975b5\" data-element_type=\"widget\" data-widget_type=\"heading.default\">\n\t\t\t\t<div class=\"elementor-widget-container\">\n\t\t\t<h2 class=\"elementor-heading-title elementor-size-default\">Resume<\/h2>\t\t<\/div>\n\t\t\t\t<\/div>\n\t\t\t\t<div class=\"elementor-element elementor-element-482ce8f elementor-widget elementor-widget-timeline-widget-addon\" data-id=\"482ce8f\" data-element_type=\"widget\" data-widget_type=\"timeline-widget-addon.default\">\n\t\t\t\t<div class=\"elementor-widget-container\">\n\t\t\t<!-- ========= Timeline Widget  Addon For Elementor 1.5.1 ========= -->\r\n<div id=\"twae-wrapper-482ce8f\" class=\"twae-wrapper twae-horizontal-timeline\">\r\n<div class=\"twae-wrapper-inside\">\r\n <div id=\"twae-slider-container-482ce8f\" data-dir=\"\" data-slidestoshow=\"5\" data-autoplay=\"false\" class=\"twae-slider-container swiper-container\">\r\n <div  class=\"twae-slider-wrapper swiper-wrapper auto-height\"><div  id=\"twae-article-02afe92\" class=\"twae-repeater-item twae-story swiper-slide twae-story-icon twae-position-40-50\"><div class=\"twae-story-line\"><\/div><div class=\"twae-labels\">\r\n                       <div class=\"twae-label-big\">1977<\/div><div class=\"twae-label-small\">30.08<\/div>\r\n                     <\/div><div class=\"twae-arrow\"><\/div><div class=\"twae-icon\"><i aria-hidden=\"true\" class=\"far fa-clock\"><\/i><\/div><div class=\"twae-content\"><div class=\"twae-title\">Erzurum<\/div>\r\n                    <div class=\"twae-description\"><\/div>                        \r\n                <\/div>\r\n        <\/div><div  id=\"twae-article-a855b4e\" class=\"twae-repeater-item twae-story swiper-slide twae-story-icon twae-position-40-50\"><div class=\"twae-story-line\"><\/div><div class=\"twae-labels\">\r\n                       <div class=\"twae-label-big\">1994-2000<\/div>\r\n                     <\/div><div class=\"twae-arrow\"><\/div><div class=\"twae-icon\"><i aria-hidden=\"true\" class=\"far fa-clock\"><\/i><\/div><div class=\"twae-content\"><div class=\"twae-title\">Ataturk University Faculty of Medicine<\/div>\r\n                    <div class=\"twae-description\"><\/div>                        \r\n                <\/div>\r\n        <\/div><div  id=\"twae-article-ced75c3\" class=\"twae-repeater-item twae-story swiper-slide twae-story-icon twae-position-40-50\"><div class=\"twae-story-line\"><\/div><div class=\"twae-labels\">\r\n                       <div class=\"twae-label-big\">2001-2005<\/div><div class=\"twae-label-small\">T\u0131pta Uzmanl\u0131k<\/div>\r\n                     <\/div><div class=\"twae-arrow\"><\/div><div class=\"twae-icon\"><i aria-hidden=\"true\" class=\"far fa-clock\"><\/i><\/div><div class=\"twae-content\"><div class=\"twae-title\">Thoracic Surgery Ankara Ke\u00e7i\u00f6ren Sanatorium Training and Research Hospital<\/div>\r\n                    <div class=\"twae-description\"><\/div>                        \r\n                <\/div>\r\n        <\/div><div  id=\"twae-article-5386e83\" class=\"twae-repeater-item twae-story swiper-slide twae-story-icon twae-position-40-50\"><div class=\"twae-story-line\"><\/div><div class=\"twae-labels\">\r\n                       <div class=\"twae-label-big\">2012<\/div>\r\n                     <\/div><div class=\"twae-arrow\"><\/div><div class=\"twae-icon\"><i aria-hidden=\"true\" class=\"far fa-clock\"><\/i><\/div><div class=\"twae-content\"><div class=\"twae-title\">Associate Professorship<\/div>\r\n                    <div class=\"twae-description\"><\/div>                        \r\n                <\/div>\r\n        <\/div><div  id=\"twae-article-14e1a96\" class=\"twae-repeater-item twae-story swiper-slide twae-story-icon twae-position-40-50\"><div class=\"twae-story-line\"><\/div><div class=\"twae-labels\">\r\n                       <div class=\"twae-label-big\">2017<\/div>\r\n                     <\/div><div class=\"twae-arrow\"><\/div><div class=\"twae-icon\"><i aria-hidden=\"true\" class=\"far fa-clock\"><\/i><\/div><div class=\"twae-content\"><div class=\"twae-title\">Professorship<\/div>\r\n                    <div class=\"twae-description\"><\/div>                        \r\n                <\/div>\r\n        <\/div><\/div><\/div><\/div> <!-- Add Arrows -->\r\n            <div class=\"twae-button-prev\"><i class=\"fas fa-chevron-left\"><\/i><\/div>\r\n            <div class=\"twae-button-next\"><i class=\"fas fa-chevron-right\"><\/i><\/div>\r\n            <div class=\"twae-h-line\"><\/div>\r\n            <div class=\"twae-line-fill\"><\/div>\r\n<\/div><style type=\"text\/css\"><\/style>\t\t<\/div>\n\t\t\t\t<\/div>\n\t\t\t\t<div class=\"elementor-element elementor-element-90809cd elementor-widget__width-auto elementor-absolute elementor-widget elementor-widget-heading\" data-id=\"90809cd\" data-element_type=\"widget\" data-settings=\"{&quot;_position&quot;:&quot;absolute&quot;}\" data-widget_type=\"heading.default\">\n\t\t\t\t<div class=\"elementor-widget-container\">\n\t\t\t<h2 class=\"elementor-heading-title elementor-size-default\">Prof.Dr. G\u00f6kt\u00fcrk F\u0131nd\u0131k<\/h2>\t\t<\/div>\n\t\t\t\t<\/div>\n\t\t\t\t\t<\/div>\n\t\t<\/div>\n\t\t\t\t\t\t\t<\/div>\n\t\t<\/section>\n\t\t\t\t<section class=\"elementor-section elementor-top-section elementor-element elementor-element-9f39d78 elementor-section-boxed elementor-section-height-default elementor-section-height-default wpr-particle-no wpr-jarallax-no wpr-parallax-no wpr-sticky-section-no\" data-id=\"9f39d78\" data-element_type=\"section\" data-settings=\"{&quot;background_background&quot;:&quot;classic&quot;}\">\n\t\t\t\t\t\t<div class=\"elementor-container elementor-column-gap-default\">\n\t\t\t\t\t<div class=\"elementor-column elementor-col-50 elementor-top-column elementor-element elementor-element-e88c181\" data-id=\"e88c181\" data-element_type=\"column\">\n\t\t\t<div class=\"elementor-widget-wrap elementor-element-populated\">\n\t\t\t\t\t\t\t\t<div class=\"elementor-element elementor-element-dcb9e2b elementor-widget elementor-widget-image\" data-id=\"dcb9e2b\" data-element_type=\"widget\" data-widget_type=\"image.default\">\n\t\t\t\t<div class=\"elementor-widget-container\">\n\t\t\t\t\t\t\t\t\t\t\t\t\t\t\t<img loading=\"lazy\" decoding=\"async\" width=\"1290\" height=\"2087\" src=\"https:\/\/gokturkfindik.com\/wp-content\/uploads\/2023\/10\/gokturk-findik-2.jpg\" class=\"attachment-full size-full wp-image-6167\" alt=\"gokturk findik 2\" srcset=\"https:\/\/gokturkfindik.com\/wp-content\/uploads\/2023\/10\/gokturk-findik-2.jpg 1290w, https:\/\/gokturkfindik.com\/wp-content\/uploads\/2023\/10\/gokturk-findik-2-185x300.jpg 185w, https:\/\/gokturkfindik.com\/wp-content\/uploads\/2023\/10\/gokturk-findik-2-633x1024.jpg 633w, https:\/\/gokturkfindik.com\/wp-content\/uploads\/2023\/10\/gokturk-findik-2-768x1242.jpg 768w, https:\/\/gokturkfindik.com\/wp-content\/uploads\/2023\/10\/gokturk-findik-2-949x1536.jpg 949w, https:\/\/gokturkfindik.com\/wp-content\/uploads\/2023\/10\/gokturk-findik-2-1266x2048.jpg 1266w, https:\/\/gokturkfindik.com\/wp-content\/uploads\/2023\/10\/gokturk-findik-2-371x600.jpg 371w, https:\/\/gokturkfindik.com\/wp-content\/uploads\/2023\/10\/gokturk-findik-2-346x560.jpg 346w\" sizes=\"auto, (max-width: 1290px) 100vw, 1290px\" \/>\t\t\t\t\t\t\t\t\t\t\t\t\t\t\t<\/div>\n\t\t\t\t<\/div>\n\t\t\t\t\t<\/div>\n\t\t<\/div>\n\t\t\t\t<div class=\"elementor-column elementor-col-50 elementor-top-column elementor-element elementor-element-446a11a\" data-id=\"446a11a\" data-element_type=\"column\">\n\t\t\t<div class=\"elementor-widget-wrap elementor-element-populated\">\n\t\t\t\t\t\t\t\t<div class=\"elementor-element elementor-element-07ff455 elementor-widget-mobile__width-initial elementor-widget elementor-widget-heading\" data-id=\"07ff455\" data-element_type=\"widget\" data-widget_type=\"heading.default\">\n\t\t\t\t<div class=\"elementor-widget-container\">\n\t\t\t<h2 class=\"elementor-heading-title elementor-size-default\">Duties<\/h2>\t\t<\/div>\n\t\t\t\t<\/div>\n\t\t\t\t<div class=\"elementor-element elementor-element-0c50578 elementor-widget elementor-widget-text-editor\" data-id=\"0c50578\" data-element_type=\"widget\" data-widget_type=\"text-editor.default\">\n\t\t\t\t<div class=\"elementor-widget-container\">\n\t\t\t\t\t\t\t<ul><li><strong>2001 &#8211; 2005<\/strong>: Research Assist. Dr. | Ankara Ke\u00e7i\u00f6ren Sanatorium Training and Research Hospital<\/li><li><strong>2006 &#8211; 2007<\/strong>: Op.Dr. | Erzurum Numune Hospital<\/li><li><strong>2007 &#8211; 2009<\/strong>: Op.Dr. | Ankara Ke\u00e7i\u00f6ren Sanatorium Training and Research Hospital<\/li><li><strong>2009 &#8211; 2010<\/strong>: Op.Dr. | Military service (GATA and KK Logistics Command)<\/li><li><strong>2010 &#8211; 2012<\/strong>: Op. Dr. | Ankara Ke\u00e7i\u00f6ren Sanatorium Training and Research Hospital<\/li><li><strong>2012<\/strong>: Associate Professor Dr. | Ankara Ke\u00e7i\u00f6ren Sanatorium Training and Research Hospital<\/li><li><strong>2017<\/strong>: Professor Dr. | Health Sciences University Ankara Ke\u00e7i\u00f6ren Sanatorium Training and Research Hospital<\/li><li><strong>2012 &#8211; 2015<\/strong>: Chief Physician | Ankara Ke\u00e7i\u00f6ren Sanatorium Training and Research Hospital<\/li><li><strong>2015 &#8211; 2017<\/strong>: Hospital Administrator | Ankara Ke\u00e7i\u00f6ren Sanatorium Training and Research Hospital<\/li><li><strong>2017 &#8211; 2024 :<\/strong>Education Officer | Ankara Ke\u00e7i\u00f6ren Sanatorium Training and Research Hospital<\/li><li><strong>2024 &#8211; &#8230; :<\/strong> Education and Clinical Officer |Address: Ankara Abdurrahman Yurtaslan Oncology Training and Research Hospital Hospital<\/li><\/ul>\t\t\t\t\t\t<\/div>\n\t\t\t\t<\/div>\n\t\t\t\t\t<\/div>\n\t\t<\/div>\n\t\t\t\t\t\t\t<\/div>\n\t\t<\/section>\n\t\t\t\t<section class=\"elementor-section elementor-top-section elementor-element elementor-element-18a0ebd elementor-section-boxed elementor-section-height-default elementor-section-height-default wpr-particle-no wpr-jarallax-no wpr-parallax-no wpr-sticky-section-no\" data-id=\"18a0ebd\" data-element_type=\"section\" data-settings=\"{&quot;background_background&quot;:&quot;classic&quot;}\">\n\t\t\t\t\t\t<div class=\"elementor-container elementor-column-gap-default\">\n\t\t\t\t\t<div class=\"elementor-column elementor-col-100 elementor-top-column elementor-element elementor-element-c563039\" data-id=\"c563039\" data-element_type=\"column\">\n\t\t\t<div class=\"elementor-widget-wrap elementor-element-populated\">\n\t\t\t\t\t\t\t\t<div class=\"elementor-element elementor-element-7b9aed4 elementor-widget elementor-widget-heading\" data-id=\"7b9aed4\" data-element_type=\"widget\" data-widget_type=\"heading.default\">\n\t\t\t\t<div class=\"elementor-widget-container\">\n\t\t\t<h2 class=\"elementor-heading-title elementor-size-default\">Managed Theses<\/h2>\t\t<\/div>\n\t\t\t\t<\/div>\n\t\t\t\t<section class=\"elementor-section elementor-inner-section elementor-element elementor-element-51b1c51 elementor-section-boxed elementor-section-height-default elementor-section-height-default wpr-particle-no wpr-jarallax-no wpr-parallax-no wpr-sticky-section-no\" data-id=\"51b1c51\" data-element_type=\"section\">\n\t\t\t\t\t\t<div class=\"elementor-container elementor-column-gap-default\">\n\t\t\t\t\t<div class=\"elementor-column elementor-col-100 elementor-inner-column elementor-element elementor-element-1412f63\" data-id=\"1412f63\" data-element_type=\"column\">\n\t\t\t<div class=\"elementor-widget-wrap elementor-element-populated\">\n\t\t\t\t\t\t\t\t<div class=\"elementor-element elementor-element-4f8206a elementor-widget elementor-widget-text-editor\" data-id=\"4f8206a\" data-element_type=\"widget\" data-widget_type=\"text-editor.default\">\n\t\t\t\t<div class=\"elementor-widget-container\">\n\t\t\t\t\t\t\t<ul><li><strong>ASLAN MUHYETTI\u0307N<\/strong> (2022). &#8220;Efficacy of gallium-68 dotate PET CT and F-18 FDG PET-CT in the surgical management of lung carcinoid tumors&#8221;, University of Health Sciences, Faculty of Medicine, Department of Thoracic Surgery.<\/li><li><strong>G\u00d6KTEPE G\u00dcL\u015eEN<\/strong> (2022). &#8220;Prognostic Comparison of FDG Pet-Bt Metabolic Volume in Sarcomatoid Carcinoma Patients&#8221;, Ministry of Health Faculty of Medicine, Department of Thoracic Surgery.<\/li><li><strong>I\u0307LTERIS T\u00dcRK<\/strong> (2021). &#8220;Efficacy of pleurectomy\/decortication surgery in malignant pleural mesothelioma&#8221;, Health Sciences University Ankara Atat\u00fcrk Chest Has. and Chest. Cerr. Educ. and Res. Hast., Department of Thoracic Surgery.<\/li><li><strong>YAH\u015eI\u0307 AYHAN<\/strong> (2021). &#8220;Prognostic comparison of the number of N1 lymph nodes and FDG-PET\/CT metabolic volume in N1-N2 lymph nodes in N positive lung cancer patients&#8221;, Health Sciences University, Ankara Atat\u00fcrk Chest Has. and Chest. Cerr. Educ. and Res. Hast., Department of Thoracic Surgery.<\/li><li><strong>NOMENO\u011eLU HAKAN<\/strong> (2020). &#8220;Comparison of the effectiveness of pulmonary nodule malignancy prediction models on operated nodules&#8221;, Health Sciences University, Ankara Atat\u00fcrk Training and Research Hospital, Department of Thoracic Surgery.<\/li><li><strong>MEHMET CETIN<\/strong> (2020). &#8220;The effect of ki-67 and OTP gene expression on survival and its relationship with recurrence in lung carcinoid tumors&#8221;, Health Sciences University, Ankara Atat\u00fcrk Chest Has. and Chest. Cerr. Training. and Research. Hast., Department of Thoracic Surgery.<\/li><li><strong>ZEYNEP KILI\u00c7<\/strong> (2019). &#8220;Endobronchial ultrasonography (EBUS), mediastinoscopy and their correlation with positron emission tomography &#8211; computed tomography (PET-CT) in nodal staging of lung malignancies&#8221;, Health Sciences University, Ankara Atat\u00fcrk Chest Has. and Chest. Cerr. Educ. and Res. Hast., Department of Thoracic Surgery.<\/li><li><strong>SELMA MI\u0307NE KARA APAYDIN<\/strong> (2018). &#8220;Interventional procedures that facilitate surgery in lung nodules planned for resection; the effect of transthoracic methylene blue injection, coil application and intraoperative lung ultrasonography on surgery&#8221;, Health Sciences University, Ankara Atat\u00fcrk Chest Has. and Chest. Cerr. Thoracic Surgery, Ankara Ataturk Chest Has. Hast., Department of Thoracic Surgery.<\/li><li><strong>KUBI\u0307LAY I\u0307NAN<\/strong> (2016). &#8220;Surgical management in cases with pneumonectomy in the treatment of lung cancer&#8221;, Health Sciences University, Ankara Atat\u00fcrk Chest Has. and Chest. Cerr. Educ. and Res. Hast., Department of Thoracic Surgery.<\/li><\/ul>\t\t\t\t\t\t<\/div>\n\t\t\t\t<\/div>\n\t\t\t\t\t<\/div>\n\t\t<\/div>\n\t\t\t\t\t\t\t<\/div>\n\t\t<\/section>\n\t\t\t\t\t<\/div>\n\t\t<\/div>\n\t\t\t\t\t\t\t<\/div>\n\t\t<\/section>\n\t\t\t\t\t\t\t<\/div>\n\t\t","protected":false},"excerpt":{"rendered":"<p>In 2012, I participated in the Ankara and Istanbul-based endoscopic lung surgery course (VATS) with my own efforts and initiatives. In the same year, I performed the first thoracoscopic lung lobectomy surgery in Ankara. Then, I performed endoscopic lung cancer surgery for the first time in Ankara. I still successfully perform all kinds of lung [&hellip;]<\/p>\n","protected":false},"author":1,"featured_media":6354,"parent":0,"menu_order":0,"comment_status":"closed","ping_status":"closed","template":"elementor_header_footer","meta":{"footnotes":""},"class_list":["post-6500","page","type-page","status-publish","has-post-thumbnail","hentry"],"_links":{"self":[{"href":"https:\/\/gokturkfindik.com\/en\/wp-json\/wp\/v2\/pages\/6500","targetHints":{"allow":["GET"]}}],"collection":[{"href":"https:\/\/gokturkfindik.com\/en\/wp-json\/wp\/v2\/pages"}],"about":[{"href":"https:\/\/gokturkfindik.com\/en\/wp-json\/wp\/v2\/types\/page"}],"author":[{"embeddable":true,"href":"https:\/\/gokturkfindik.com\/en\/wp-json\/wp\/v2\/users\/1"}],"replies":[{"embeddable":true,"href":"https:\/\/gokturkfindik.com\/en\/wp-json\/wp\/v2\/comments?post=6500"}],"version-history":[{"count":11,"href":"https:\/\/gokturkfindik.com\/en\/wp-json\/wp\/v2\/pages\/6500\/revisions"}],"predecessor-version":[{"id":6757,"href":"https:\/\/gokturkfindik.com\/en\/wp-json\/wp\/v2\/pages\/6500\/revisions\/6757"}],"wp:featuredmedia":[{"embeddable":true,"href":"https:\/\/gokturkfindik.com\/en\/wp-json\/wp\/v2\/media\/6354"}],"wp:attachment":[{"href":"https:\/\/gokturkfindik.com\/en\/wp-json\/wp\/v2\/media?parent=6500"}],"curies":[{"name":"wp","href":"https:\/\/api.w.org\/{rel}","templated":true}]}}